{"id":1040,"date":"2025-01-31T13:16:36","date_gmt":"2025-01-31T13:16:36","guid":{"rendered":"https:\/\/deflerabbi.com\/?page_id=1040"},"modified":"2025-06-19T18:59:25","modified_gmt":"2025-06-19T18:59:25","slug":"ne-pas-vendre-mes-informations-personnelles","status":"publish","type":"page","link":"https:\/\/deflerabbi.com\/?page_id=1040","title":{"rendered":"Ne pas vendre mes informations personnelles"},"content":{"rendered":"<p>Vos droits en mati\u00e8re de protection de la vie priv\u00e9e<\/p>\n<p>Chez Smoccesord, nous respectons votre vie priv\u00e9e et nous nous engageons \u00e0 nous conformer aux lois et r\u00e9glementations en vigueur, y compris le California Consumer Privacy Act (CCPA), qui conf\u00e8re aux r\u00e9sidents de Californie certains droits concernant leurs informations personnelles. En vertu de la CCPA, vous avez le droit de refuser la \u00ab vente \u00bb de vos informations personnelles. M\u00eame si vous ne r\u00e9sidez pas en Californie, nous nous effor\u00e7ons, dans la mesure du possible, d&#8217;offrir \u00e0 tous nos utilisateurs des protections similaires en mati\u00e8re de vie priv\u00e9e.<\/p>\n<p>Que signifie \u00ab vendre \u00bb des informations personnelles ?<\/p>\n<p>Le terme \u00ab vendre \u00bb au sens de la CCPA est d\u00e9fini de mani\u00e8re large. Il inclut le partage, la location, la lib\u00e9ration, la divulgation, la diffusion ou toute autre forme de mise \u00e0 disposition d&#8217;informations personnelles \u00e0 une tierce partie pour une contrepartie mon\u00e9taire ou autre.<\/p>\n<p>Chez Smoccesord, nous ne vendons pas vos informations personnelles au sens traditionnel du terme. Cependant, nous pouvons partager certaines informations vous concernant avec nos partenaires publicitaires afin de vous proposer des exp\u00e9riences plus personnalis\u00e9es et des publicit\u00e9s cibl\u00e9es, ce qui peut \u00eatre consid\u00e9r\u00e9 comme une \u00ab vente \u00bb au sens de la loi sur la protection des donn\u00e9es.<\/p>\n<p>Refus de la vente d&#8217;informations personnelles<\/p>\n<p>Si vous souhaitez refuser la vente de vos informations personnelles, veuillez suivre l&#8217;une des m\u00e9thodes ci-dessous :<br \/>\nSoumettre une demande en ligne :<br \/>\nConsultez notre formulaire de demande \u00ab Ne pas vendre mes informations personnelles \u00bb pour refuser la vente de vos donn\u00e9es. Remplissez le formulaire avec vos coordonn\u00e9es et soumettez-le. Nous traiterons votre demande dans les plus brefs d\u00e9lais.<br \/>\nContactez-nous par courrier \u00e9lectronique :<br \/>\nVous pouvez envoyer une demande \u00e0 privacy@deflerabbi.com avec pour objet \u00ab Do Not Sell My Personal Information \u00bb (Ne pas vendre mes informations personnelles). Veuillez indiquer votre nom complet, vos coordonn\u00e9es et les d\u00e9tails de votre demande.<br \/>\nUtiliser les param\u00e8tres des cookies :<br \/>\nAjustez vos param\u00e8tres de cookies en utilisant notre lien Param\u00e8tres de cookies, o\u00f9 vous pouvez d\u00e9sactiver certains types de partage de donn\u00e9es qui peuvent \u00eatre consid\u00e9r\u00e9s comme une \u00ab vente \u00bb en vertu des lois applicables.<br \/>\nAjustez les param\u00e8tres du navigateur :<\/p>\n<p>Vous pouvez \u00e9galement contr\u00f4ler le partage des donn\u00e9es en ajustant les param\u00e8tres de confidentialit\u00e9 de votre navigateur ou en utilisant les fonctions \u00ab Do Not Track \u00bb si elles sont prises en charge par votre navigateur.<br \/>\nV\u00e9rification des demandes<\/p>\n<p>Pour prot\u00e9ger votre vie priv\u00e9e et garantir la s\u00e9curit\u00e9 de vos informations, nous pouvons \u00eatre amen\u00e9s \u00e0 v\u00e9rifier votre identit\u00e9 avant de traiter votre demande d&#8217;exclusion. La v\u00e9rification peut consister \u00e0 vous demander de fournir des informations qui correspondent aux donn\u00e9es de nos syst\u00e8mes. Si vous avez un compte chez nous, il se peut que nous vous demandions de vous connecter pour soumettre votre demande d&#8217;exclusion.<\/p>\n<p>Effet de la non-participation<\/p>\n<p>Si vous choisissez de vous d\u00e9sinscrire, nous ne partagerons plus vos informations personnelles avec des tiers \u00e0 des fins publicitaires. Veuillez noter que si vous choisissez de ne pas recevoir de publicit\u00e9 personnalis\u00e9e, vous risquez de recevoir des publicit\u00e9s g\u00e9n\u00e9riques moins pertinentes par rapport \u00e0 vos int\u00e9r\u00eats.<\/p>\n<p>Agents autoris\u00e9s<\/p>\n<p>Si vous souhaitez autoriser une autre personne ou entit\u00e9 \u00e0 agir en votre nom pour exercer vos droits de retrait, nous pouvons vous demander une autorisation \u00e9crite confirmant cette autorisation. L&#8217;agent autoris\u00e9 doit \u00e9galement v\u00e9rifier son identit\u00e9 directement aupr\u00e8s de nous.<\/p>\n<p>Modifications de la pr\u00e9sente notification<\/p>\n<p>Nous pouvons mettre \u00e0 jour cette page \u00ab Ne pas vendre mes informations personnelles \u00bb p\u00e9riodiquement pour refl\u00e9ter les changements dans nos pratiques en mati\u00e8re de donn\u00e9es ou les lois applicables en mati\u00e8re de protection de la vie priv\u00e9e. Toute modification sera affich\u00e9e ici et nous vous encourageons \u00e0 consulter r\u00e9guli\u00e8rement cette page pour rester inform\u00e9.<\/p>\n<p>Nous contacter<\/p>\n<p>Si vous avez des questions ou des pr\u00e9occupations concernant cette page ou vos droits en mati\u00e8re de protection de la vie priv\u00e9e, veuillez nous contacter :<\/p>\n<p>Courriel : info@deflerabbi.com<br \/>\nT\u00e9l\u00e9phone : +33478690306<br \/>\nFormulaire web : https:\/\/deflerabbi.com<br \/>\nAdresse postale : 55 Rue F\u00e9libien, 44000 Nantes, France<br \/>\nNous nous engageons \u00e0 maintenir la transparence sur vos droits en mati\u00e8re de donn\u00e9es et \u00e0 fournir des instructions claires pour la gestion de votre vie priv\u00e9e.<\/p>\n","protected":false},"excerpt":{"rendered":"<p>Vos droits en mati\u00e8re de protection de la vie priv\u00e9e Chez Smoccesord, nous respectons votre vie priv\u00e9e et nous nous engageons \u00e0 nous conformer aux lois et r\u00e9glementations en vigueur, y compris le California Consumer Privacy Act (CCPA), qui conf\u00e8re aux r\u00e9sidents de Californie certains droits concernant leurs informations personnelles. En vertu de la CCPA, [&hellip;]<\/p>\n","protected":false},"author":1,"featured_media":0,"parent":0,"menu_order":0,"comment_status":"closed","ping_status":"closed","template":"","meta":{"footnotes":""},"class_list":["post-1040","page","type-page","status-publish","hentry"],"_links":{"self":[{"href":"https:\/\/deflerabbi.com\/index.php?rest_route=\/wp\/v2\/pages\/1040","targetHints":{"allow":["GET"]}}],"collection":[{"href":"https:\/\/deflerabbi.com\/index.php?rest_route=\/wp\/v2\/pages"}],"about":[{"href":"https:\/\/deflerabbi.com\/index.php?rest_route=\/wp\/v2\/types\/page"}],"author":[{"embeddable":true,"href":"https:\/\/deflerabbi.com\/index.php?rest_route=\/wp\/v2\/users\/1"}],"replies":[{"embeddable":true,"href":"https:\/\/deflerabbi.com\/index.php?rest_route=%2Fwp%2Fv2%2Fcomments&post=1040"}],"version-history":[{"count":2,"href":"https:\/\/deflerabbi.com\/index.php?rest_route=\/wp\/v2\/pages\/1040\/revisions"}],"predecessor-version":[{"id":1159,"href":"https:\/\/deflerabbi.com\/index.php?rest_route=\/wp\/v2\/pages\/1040\/revisions\/1159"}],"wp:attachment":[{"href":"https:\/\/deflerabbi.com\/index.php?rest_route=%2Fwp%2Fv2%2Fmedia&parent=1040"}],"curies":[{"name":"wp","href":"https:\/\/api.w.org\/{rel}","templated":true}]}}